{"id":11,"date":"2016-12-06T05:23:16","date_gmt":"2016-12-06T04:23:16","guid":{"rendered":"http:\/\/toni-bak.hr\/?page_id=11"},"modified":"2017-01-13T12:15:08","modified_gmt":"2017-01-13T11:15:08","slug":"welcome","status":"publish","type":"page","link":"https:\/\/toni-bak.hr\/","title":{"rendered":"Welcome"},"content":{"rendered":"<p>Zara\u0107e is located 6 kilometers from the town of Hvar.<\/p>\n<p>Zara\u0107e includes ethno-eco village which is located on the road and two beautiful bays with beaches that are called Velo_Zara\u0107e and Malo_Zara\u0107e. The bays are distant from each other about 200 meters.<\/p>\n<p>In both bays we have a house for rent. Houses in the Bay Velo Zarace are just on the beach 5 meters from the sea, and the other at bay Malo Zarace is 20 meters from the sea. There is access by car and boat to the bay. The details about each house, photographs and more can be seen on the above links.<\/p>\n<p>In the bay of Velo Zara\u0107e, except the house that we rent we also have Pansion TERACCE BAK with fabulous view of the bay, where we offer our guests to enjoy and spend all day and if you want to taste the seafood and meat dishes.<\/p>\n<p>In addition to accommodation in suites ***, apartments Toni offer local eco-products: honey, various kinds of grappa, olive oil and wine.<\/p>\n<p>All the necessary information, you need, about booking our apartment you can do it by e-mail or phone.<\/p>\n<p>Let our house to become your second home, and a TERACCE BAK your living room.<\/p>\n<p>We want you to feel comfortable with us and expecting you with open Heart.<\/p>\n<p>WELCOME<\/p>\n","protected":false},"excerpt":{"rendered":"<p>Zara\u0107e is located 6 kilometers from the town of Hvar. Zara\u0107e includes ethno-eco village which is located on the road and two beautiful bays with beaches that are called Velo_Zara\u0107e and Malo_Zara\u0107e. The bays are distant from each other about &hellip; <a class=\"more-link\" href=\"https:\/\/toni-bak.hr\/\">Continue reading <span class=\"meta-nav\">&rarr;<\/span><\/a><\/p>\n","protected":false},"author":1,"featured_media":0,"parent":0,"menu_order":1,"comment_status":"closed","ping_status":"closed","template":"","meta":[],"_links":{"self":[{"href":"https:\/\/toni-bak.hr\/index.php?rest_route=\/wp\/v2\/pages\/11"}],"collection":[{"href":"https:\/\/toni-bak.hr\/index.php?rest_route=\/wp\/v2\/pages"}],"about":[{"href":"https:\/\/toni-bak.hr\/index.php?rest_route=\/wp\/v2\/types\/page"}],"author":[{"embeddable":true,"href":"https:\/\/toni-bak.hr\/index.php?rest_route=\/wp\/v2\/users\/1"}],"replies":[{"embeddable":true,"href":"https:\/\/toni-bak.hr\/index.php?rest_route=%2Fwp%2Fv2%2Fcomments&post=11"}],"version-history":[{"count":5,"href":"https:\/\/toni-bak.hr\/index.php?rest_route=\/wp\/v2\/pages\/11\/revisions"}],"predecessor-version":[{"id":171,"href":"https:\/\/toni-bak.hr\/index.php?rest_route=\/wp\/v2\/pages\/11\/revisions\/171"}],"wp:attachment":[{"href":"https:\/\/toni-bak.hr\/index.php?rest_route=%2Fwp%2Fv2%2Fmedia&parent=11"}],"curies":[{"name":"wp","href":"https:\/\/api.w.org\/{rel}","templated":true}]}}