{"id":13,"date":"2016-12-06T05:31:27","date_gmt":"2016-12-06T04:31:27","guid":{"rendered":"http:\/\/toni-bak.hr\/?page_id=13"},"modified":"2016-12-06T05:31:27","modified_gmt":"2016-12-06T04:31:27","slug":"dobrodosli","status":"publish","type":"page","link":"https:\/\/toni-bak.hr\/?page_id=13","title":{"rendered":"Dobrodo\u0161li"},"content":{"rendered":"<div class=\"moz-text-html\" lang=\"x-unicode\">\n<div>\n<p><span style=\"font-size: small;\"><span class=\"bold\">Zara\u0107e, idili\u010dni, unikatni,\u00a0prekrasni i po ve\u0107ini posjetitelja nezaboravni\u00a0kutak na\u0161e planete<\/span>\u00a0se nalazi 7\u00a0kilometara od grada Hvara na istoimenom otoku Hvaru.\u00a0<\/span><\/p>\n<p><span style=\"font-size: small;\"><span class=\"bold\">Zara\u0107e obuhva\u0107a\u00a0<\/span>ETNO-EKO SELO koje se nalazi na cesti i dvije prekrasne uvale s pla\u017eama koje se zovu\u00a0<a href=\"http:\/\/www.toni-bak.hr\/velo.html\">Velo_Zara\u0107e<\/a>\u00a0i\u00a0<a href=\"http:\/\/www.toni-bak.hr\/malo.html\">Malo_Zara\u0107e<\/a>. Uvale su udaljene jedna od druge oko 200 metara.<\/span><\/p>\n<p><span style=\"font-size: small;\"><span class=\"bold\">U obe uvale<\/span>\u00a0imamo ku\u0107u &#8211; apartmane\u00a0za iznajmljivanje. Kuca u uvali VELO Zarace je na samoj pla\u017ei 5 metara od mora, a druga u uvali MALO Zarace je 20 metara od mora. Mogu\u0107 je pristup automobilom i brodom do uvala. Detalje o svakoj ku\u0107i ,fotografije i ostalo mo\u017eete vidjeti na gornjim linkovima.<\/span><\/p>\n<p><span style=\"font-size: small;\"><span class=\"bold\">U uvali Velo Zara\u0107e<\/span>, osim apartmana\u00a0koji\u00a0su\u00a0za iznajmljivanje imamo i Pansion TERACU BAK s bajkovitim pogledom na cijelu uvalu na kojoj nudimo nasim gostima da slobodno uzivaju i borave cijeli dan te ako zele da okuse morske i mesne delicije.\u00a0<\/span><\/p>\n<p><span style=\"font-size: small;\"><span class=\"bold\">Osim smje\u0161taja<\/span>\u00a0u apartmanima kategorije ***, apartmani BAK\u00a0nude doma\u0107e eko-proizvode: med, razne vrste rakija, doma\u0107e maslinovo ulje, te vino.<\/span><\/p>\n<p><span style=\"font-size: small;\"><span class=\"bold\">Sve potrebne informacije<\/span>\u00a0koje vas zanimaju u vezi rezervacija nasih apartmanima mo\u017eete postaviti putem e-maila <a href=\"mailto:bak.toni@gmail.com\">bak.toni@gmail.com<\/a>\u00a0ili telefona +385\/914447474<\/span><\/p>\n<p><span style=\"font-size: small;\"><span class=\"bold\">Neka nas smjestaj<\/span>\u00a0postane vas drugi dom, a TERACA BAK vas dnevni boravak.<\/span><\/p>\n<p><span style=\"font-size: small;\"><span class=\"bold\">\u017delimo<\/span>\u00a0da se ugodno osje\u0107ate kod nas i \u017eeljno Vas o\u010dekujemo.<\/span><\/p>\n<p class=\"bold\"><span style=\"font-size: small;\">DOBRODO\u0160LI<\/span><\/p>\n<\/div>\n<div><span style=\"font-size: small;\">Pension-Apartments BAK smje\u0161ten je na samoj obali mora u uvali koja se sastoji od dvije plaze\u00a0VELO ZARACE i MALO ZARACE<\/span><\/div>\n<div>Od sezone 2012 otvaramo obiteljski posao TERACU BAK za goste koji borave u svim na\u0161im apartmanima te nudimo mogu\u0107nost ili cjelodnevnog u\u017eivanja na suncu i le\u017ealjkama ili u\u017eivanja u tradicionalnoj kuhinji vlasnika koji je ujedno i kuhar.<\/div>\n<div><span style=\"font-size: small;\"><br \/>\nCijeli interijer TERACE BAK odi\u0161e morem,te kada boravite tu imate osje\u0107aj da plovite na brodu. Jedinstven pogled i romanti\u010dan trenutak na Terasi ostavit ce vas bez rijeci.<\/p>\n<p>Glede gastronomske ponude moramo naglasiti kako ona odi\u0161e kreativno\u0161\u0107u, te starom dobrom tradicionalnom hvarskom kuhinjom. Okusite gregadu, buzare, brodet od ribe, hobotnica ili meso pod peku, razne vrste salata i doma\u0107e vino. Nudimo i doru\u010dke , ve\u010dere s doma\u0107im specijalitetima po sistemu Polupansion ili no\u0107enje s doru\u010dkom.<\/p>\n<p>U dogovoru s doma\u0107inima postoji mogu\u0107nost obilaska hvarskog arhipelaga brodom s kupanjem u uvalama ili lovljenjem ribe . Mogu\u0107nost i najma broda u sklopu Pansiona.<\/span><\/div>\n<div><span style=\"font-size: small;\">Do\u0111ite, posjetite nas i uvjeravamo vas &#8211; sigurno ce te se vratiti&#8230;!!!<\/span><\/div>\n<\/div>\n","protected":false},"excerpt":{"rendered":"<p>Zara\u0107e, idili\u010dni, unikatni,\u00a0prekrasni i po ve\u0107ini posjetitelja nezaboravni\u00a0kutak na\u0161e planete\u00a0se nalazi 7\u00a0kilometara od grada Hvara na istoimenom otoku Hvaru.\u00a0 Zara\u0107e obuhva\u0107a\u00a0ETNO-EKO SELO koje se nalazi na cesti i dvije prekrasne uvale s pla\u017eama koje se zovu\u00a0Velo_Zara\u0107e\u00a0i\u00a0Malo_Zara\u0107e. Uvale su udaljene jedna &hellip; <a class=\"more-link\" href=\"https:\/\/toni-bak.hr\/?page_id=13\">Continue reading <span class=\"meta-nav\">&rarr;<\/span><\/a><\/p>\n","protected":false},"author":1,"featured_media":0,"parent":0,"menu_order":1,"comment_status":"closed","ping_status":"closed","template":"","meta":[],"_links":{"self":[{"href":"https:\/\/toni-bak.hr\/index.php?rest_route=\/wp\/v2\/pages\/13"}],"collection":[{"href":"https:\/\/toni-bak.hr\/index.php?rest_route=\/wp\/v2\/pages"}],"about":[{"href":"https:\/\/toni-bak.hr\/index.php?rest_route=\/wp\/v2\/types\/page"}],"author":[{"embeddable":true,"href":"https:\/\/toni-bak.hr\/index.php?rest_route=\/wp\/v2\/users\/1"}],"replies":[{"embeddable":true,"href":"https:\/\/toni-bak.hr\/index.php?rest_route=%2Fwp%2Fv2%2Fcomments&post=13"}],"version-history":[{"count":2,"href":"https:\/\/toni-bak.hr\/index.php?rest_route=\/wp\/v2\/pages\/13\/revisions"}],"predecessor-version":[{"id":170,"href":"https:\/\/toni-bak.hr\/index.php?rest_route=\/wp\/v2\/pages\/13\/revisions\/170"}],"wp:attachment":[{"href":"https:\/\/toni-bak.hr\/index.php?rest_route=%2Fwp%2Fv2%2Fmedia&parent=13"}],"curies":[{"name":"wp","href":"https:\/\/api.w.org\/{rel}","templated":true}]}}