{"id":172,"date":"2017-01-13T12:18:59","date_gmt":"2017-01-13T11:18:59","guid":{"rendered":"http:\/\/toni-bak.hr\/?page_id=172"},"modified":"2017-01-13T12:18:59","modified_gmt":"2017-01-13T11:18:59","slug":"teraca-bak-2","status":"publish","type":"page","link":"https:\/\/toni-bak.hr\/?page_id=172","title":{"rendered":"Teraca Bak"},"content":{"rendered":"<p>Apartments BAK smje\u0161ten je na samoj obali mora u uvali VELO ZARACE. Od sezone 2012 otvaramo obiteljski posao TERACU BAK za goste koji borave u svim na\u0161im apartmanima te nudimo mogu\u0107nost ili cjelodnevnog u\u017eivanja na suncu i le\u017ealjkama ili u\u017eivanja u tradicionalnoj kuhinji vlasnika koji je ujedno i kuhar.<\/p>\n<p>Cijeli interijer TERACE BAK odi\u0161e morem,te kada boravite tu imate osje\u0107aj da plovite na brodu. Jedinstven pogled i romanti\u010dan trenutak na Terasi ostavit ce vas bez rijeci.<\/p>\n<p>Glede gastronomske ponude moramo naglasiti kako ona odi\u0161e kreativno\u0161\u0107u, te starom dobrom tradicionalnom hvarskom kuhinjom. Okusite gregadu, buzare, brodet od ribe, hobotnica ili meso pod peku, razne vrste salata i doma\u0107e vino. Nudimo i doru\u010dke , ve\u010dere s doma\u0107im specijalitetima po sistemu Polupansion ili no\u0107enje s doru\u010dkom.<\/p>\n<p>U dogovoru s doma\u0107inima postoji mogu\u0107nost obilaska hvarskog arhipelaga brodom s kupanjem u uvalama ili lovljenjem ribe . Mogu\u0107nost i najma broda u sklopu Pansiona.<\/p>\n<p>Nudimo na terasi i Internet pristup besplatan za na\u0161e goste, te kori\u0161tenje grila.<\/p>\n<p>Kod nas je Gost sredi\u0161nja osoba kojoj se sve prilago\u0111ava i \u010diji se zahtjevi uvijek moraju zadovoljiti.<\/p>\n<p>Nadamo se da \u0107emo zadobiti va\u0161e povjerenje te s rado\u0161\u0107u Vas o\u010dekujemo ugostiti!<\/p>\n<p>DOBRODO\u0160LI<\/p>\n","protected":false},"excerpt":{"rendered":"<p>Apartments BAK smje\u0161ten je na samoj obali mora u uvali VELO ZARACE. Od sezone 2012 otvaramo obiteljski posao TERACU BAK za goste koji borave u svim na\u0161im apartmanima te nudimo mogu\u0107nost ili cjelodnevnog u\u017eivanja na suncu i le\u017ealjkama ili u\u017eivanja &hellip; <a class=\"more-link\" href=\"https:\/\/toni-bak.hr\/?page_id=172\">Continue reading <span class=\"meta-nav\">&rarr;<\/span><\/a><\/p>\n","protected":false},"author":1,"featured_media":0,"parent":0,"menu_order":2,"comment_status":"closed","ping_status":"closed","template":"","meta":[],"_links":{"self":[{"href":"https:\/\/toni-bak.hr\/index.php?rest_route=\/wp\/v2\/pages\/172"}],"collection":[{"href":"https:\/\/toni-bak.hr\/index.php?rest_route=\/wp\/v2\/pages"}],"about":[{"href":"https:\/\/toni-bak.hr\/index.php?rest_route=\/wp\/v2\/types\/page"}],"author":[{"embeddable":true,"href":"https:\/\/toni-bak.hr\/index.php?rest_route=\/wp\/v2\/users\/1"}],"replies":[{"embeddable":true,"href":"https:\/\/toni-bak.hr\/index.php?rest_route=%2Fwp%2Fv2%2Fcomments&post=172"}],"version-history":[{"count":1,"href":"https:\/\/toni-bak.hr\/index.php?rest_route=\/wp\/v2\/pages\/172\/revisions"}],"predecessor-version":[{"id":173,"href":"https:\/\/toni-bak.hr\/index.php?rest_route=\/wp\/v2\/pages\/172\/revisions\/173"}],"wp:attachment":[{"href":"https:\/\/toni-bak.hr\/index.php?rest_route=%2Fwp%2Fv2%2Fmedia&parent=172"}],"curies":[{"name":"wp","href":"https:\/\/api.w.org\/{rel}","templated":true}]}}