{"id":187,"date":"2017-01-13T12:28:50","date_gmt":"2017-01-13T11:28:50","guid":{"rendered":"http:\/\/toni-bak.hr\/?page_id=187"},"modified":"2017-01-13T12:28:50","modified_gmt":"2017-01-13T11:28:50","slug":"apartman-lucija","status":"publish","type":"page","link":"https:\/\/toni-bak.hr\/?page_id=187","title":{"rendered":"Apartman Lucija"},"content":{"rendered":"<p>Apartman Lucija je NA PRVOM KATU 5 metara od mora, za 6 osoba te ima: 3 sobe, kuhinju, 2 wc , klima, TV, SAT te VELIKU OTVORENU TERASU s pogledom na more, i naravno mogu\u0107nost cjelodnevnog kori\u0161tenja terase na vrhu ku\u0107e, Teraca BAK<\/p>\n<p>DOBRODO\u0160LI<\/p>\n","protected":false},"excerpt":{"rendered":"<p>Apartman Lucija je NA PRVOM KATU 5 metara od mora, za 6 osoba te ima: 3 sobe, kuhinju, 2 wc , klima, TV, SAT te VELIKU OTVORENU TERASU s pogledom na more, i naravno mogu\u0107nost cjelodnevnog kori\u0161tenja terase na vrhu &hellip; <a class=\"more-link\" href=\"https:\/\/toni-bak.hr\/?page_id=187\">Continue reading <span class=\"meta-nav\">&rarr;<\/span><\/a><\/p>\n","protected":false},"author":1,"featured_media":0,"parent":180,"menu_order":2,"comment_status":"closed","ping_status":"closed","template":"","meta":[],"_links":{"self":[{"href":"https:\/\/toni-bak.hr\/index.php?rest_route=\/wp\/v2\/pages\/187"}],"collection":[{"href":"https:\/\/toni-bak.hr\/index.php?rest_route=\/wp\/v2\/pages"}],"about":[{"href":"https:\/\/toni-bak.hr\/index.php?rest_route=\/wp\/v2\/types\/page"}],"author":[{"embeddable":true,"href":"https:\/\/toni-bak.hr\/index.php?rest_route=\/wp\/v2\/users\/1"}],"replies":[{"embeddable":true,"href":"https:\/\/toni-bak.hr\/index.php?rest_route=%2Fwp%2Fv2%2Fcomments&post=187"}],"version-history":[{"count":1,"href":"https:\/\/toni-bak.hr\/index.php?rest_route=\/wp\/v2\/pages\/187\/revisions"}],"predecessor-version":[{"id":188,"href":"https:\/\/toni-bak.hr\/index.php?rest_route=\/wp\/v2\/pages\/187\/revisions\/188"}],"up":[{"embeddable":true,"href":"https:\/\/toni-bak.hr\/index.php?rest_route=\/wp\/v2\/pages\/180"}],"wp:attachment":[{"href":"https:\/\/toni-bak.hr\/index.php?rest_route=%2Fwp%2Fv2%2Fmedia&parent=187"}],"curies":[{"name":"wp","href":"https:\/\/api.w.org\/{rel}","templated":true}]}}