{"id":229,"date":"2017-01-13T12:56:02","date_gmt":"2017-01-13T11:56:02","guid":{"rendered":"http:\/\/toni-bak.hr\/?page_id=229"},"modified":"2017-01-13T12:56:02","modified_gmt":"2017-01-13T11:56:02","slug":"cijene-i-rezervacije","status":"publish","type":"page","link":"https:\/\/toni-bak.hr\/?page_id=229","title":{"rendered":"Cijene i rezervacije"},"content":{"rendered":"<p>CIJENA UKLJU\u010cUJE:<br \/>\n-boravi\u0161nu pristojbu<br \/>\n&#8211; potro\u0161nju vode\/struje\/plina<br \/>\n&#8211; hla\u0111enje\/grijanje<br \/>\n&#8211; tjednu izmjenu posteljine<br \/>\n-izmjenu ru\u010dnika svaka 3 dana<br \/>\n&#8211; parking mjesto<br \/>\n&#8211; internet pristup<br \/>\n&#8211; upotrebu kamina\/grila<br \/>\n&#8211; zavr\u0161no \u010di\u0161\u0107enje.<\/p>\n<p>PRIJAVA: 14:00<br \/>\nODJAVA: 10:00<\/p>\n<p>UVJETI REZERVACIJE:<br \/>\n\u2022 za potvrdu rezervacije upla\u0107uje se 20% akontacije na nas bankovni racun<br \/>\n\u2022 ostatak se pla\u0107a po dolasku u apartman<br \/>\n\u2022 cijena boravka kra\u0107eg od 3 dana uve\u0107ava se za 20% u periodu 01.07.-31.08.<br \/>\n\u2022 za svaki rezervirani, a neiskori\u0161teni dan pla\u0107a se 70% cijene apartmana<br \/>\n\u2022 u periodu od 01.07-31.08 cijena je po apartmanu, a ostali period po dogovoru<\/p>\n","protected":false},"excerpt":{"rendered":"<p>CIJENA UKLJU\u010cUJE: -boravi\u0161nu pristojbu &#8211; potro\u0161nju vode\/struje\/plina &#8211; hla\u0111enje\/grijanje &#8211; tjednu izmjenu posteljine -izmjenu ru\u010dnika svaka 3 dana &#8211; parking mjesto &#8211; internet pristup &#8211; upotrebu kamina\/grila &#8211; zavr\u0161no \u010di\u0161\u0107enje. PRIJAVA: 14:00 ODJAVA: 10:00 UVJETI REZERVACIJE: \u2022 za potvrdu rezervacije &hellip; <a class=\"more-link\" href=\"https:\/\/toni-bak.hr\/?page_id=229\">Continue reading <span class=\"meta-nav\">&rarr;<\/span><\/a><\/p>\n","protected":false},"author":1,"featured_media":0,"parent":0,"menu_order":7,"comment_status":"closed","ping_status":"closed","template":"","meta":[],"_links":{"self":[{"href":"https:\/\/toni-bak.hr\/index.php?rest_route=\/wp\/v2\/pages\/229"}],"collection":[{"href":"https:\/\/toni-bak.hr\/index.php?rest_route=\/wp\/v2\/pages"}],"about":[{"href":"https:\/\/toni-bak.hr\/index.php?rest_route=\/wp\/v2\/types\/page"}],"author":[{"embeddable":true,"href":"https:\/\/toni-bak.hr\/index.php?rest_route=\/wp\/v2\/users\/1"}],"replies":[{"embeddable":true,"href":"https:\/\/toni-bak.hr\/index.php?rest_route=%2Fwp%2Fv2%2Fcomments&post=229"}],"version-history":[{"count":1,"href":"https:\/\/toni-bak.hr\/index.php?rest_route=\/wp\/v2\/pages\/229\/revisions"}],"predecessor-version":[{"id":230,"href":"https:\/\/toni-bak.hr\/index.php?rest_route=\/wp\/v2\/pages\/229\/revisions\/230"}],"wp:attachment":[{"href":"https:\/\/toni-bak.hr\/index.php?rest_route=%2Fwp%2Fv2%2Fmedia&parent=229"}],"curies":[{"name":"wp","href":"https:\/\/api.w.org\/{rel}","templated":true}]}}