{"id":80,"date":"2017-01-04T12:33:14","date_gmt":"2017-01-04T11:33:14","guid":{"rendered":"http:\/\/toni-bak.hr\/?page_id=80"},"modified":"2017-02-03T12:55:24","modified_gmt":"2017-02-03T11:55:24","slug":"room-2","status":"publish","type":"page","link":"https:\/\/toni-bak.hr\/?page_id=80","title":{"rendered":"Room 2"},"content":{"rendered":"<p>Soba 2 je za 2 osobe na prvom katu i ima hladnjak, wc , klimu, mali balkon s pogledom na more.<\/p>\n<p>Soba se mo\u017ee iznajmiti samostalno ili u kombinaciji s nekim apartmanom, obi\u010dno s apartmanom Mia ili Lucija jer se nalaze u istoj ku\u0107i.<\/p>\n<div style=\"background: -webkit-gradient(linear,left bottom,left top,color-stop(0,#8eba00),color-stop(100%,#9ede00)); padding: 0 20px; margin-top: 10px; line-height: 44px; height: 44px;  cursor: pointer; font-size: 130%; color: #fff; width: 90%; text-align: center; margin-bottom:20px\"><a style=\"color: #fff;\" href=\"http:\/\/www.accommodation-in-croatia.com\/object\/en\/croatia\/secluded-holiday-home-elizabeta\/6205\/1\/?unit_id_sd=16263\">Book this room &raquo;<\/a><\/div>\n<p>DOBRODO\u0160LI<\/p>\n","protected":false},"excerpt":{"rendered":"<p>Soba 2 je za 2 osobe na prvom katu i ima hladnjak, wc , klimu, mali balkon s pogledom na more. Soba se mo\u017ee iznajmiti samostalno ili u kombinaciji s nekim apartmanom, obi\u010dno s apartmanom Mia ili Lucija jer se &hellip; <a class=\"more-link\" href=\"https:\/\/toni-bak.hr\/?page_id=80\">Continue reading <span class=\"meta-nav\">&rarr;<\/span><\/a><\/p>\n","protected":false},"author":1,"featured_media":0,"parent":68,"menu_order":5,"comment_status":"closed","ping_status":"closed","template":"","meta":[],"_links":{"self":[{"href":"https:\/\/toni-bak.hr\/index.php?rest_route=\/wp\/v2\/pages\/80"}],"collection":[{"href":"https:\/\/toni-bak.hr\/index.php?rest_route=\/wp\/v2\/pages"}],"about":[{"href":"https:\/\/toni-bak.hr\/index.php?rest_route=\/wp\/v2\/types\/page"}],"author":[{"embeddable":true,"href":"https:\/\/toni-bak.hr\/index.php?rest_route=\/wp\/v2\/users\/1"}],"replies":[{"embeddable":true,"href":"https:\/\/toni-bak.hr\/index.php?rest_route=%2Fwp%2Fv2%2Fcomments&post=80"}],"version-history":[{"count":5,"href":"https:\/\/toni-bak.hr\/index.php?rest_route=\/wp\/v2\/pages\/80\/revisions"}],"predecessor-version":[{"id":262,"href":"https:\/\/toni-bak.hr\/index.php?rest_route=\/wp\/v2\/pages\/80\/revisions\/262"}],"up":[{"embeddable":true,"href":"https:\/\/toni-bak.hr\/index.php?rest_route=\/wp\/v2\/pages\/68"}],"wp:attachment":[{"href":"https:\/\/toni-bak.hr\/index.php?rest_route=%2Fwp%2Fv2%2Fmedia&parent=80"}],"curies":[{"name":"wp","href":"https:\/\/api.w.org\/{rel}","templated":true}]}}