{"id":84,"date":"2017-01-04T12:34:45","date_gmt":"2017-01-04T11:34:45","guid":{"rendered":"http:\/\/toni-bak.hr\/?page_id=84"},"modified":"2017-02-03T13:05:28","modified_gmt":"2017-02-03T12:05:28","slug":"apartment-maslina","status":"publish","type":"page","link":"https:\/\/toni-bak.hr\/?page_id=84","title":{"rendered":"Apartment Maslina"},"content":{"rendered":"<p>Apartman Maslina 20 METARA OD MORA, se nalazi u prizemlju za 3 osobe i ima : 1 sobu s bra\u010dnim i jednokrevetnim krevetom, wc, kuhinju , TV, SAT iI veliku terasu s stablima maslina i mogu\u0107nosti kori\u0161tenja grila.<\/p>\n<p>Ovaj apartman se mo\u017ee kombinirati s Apartmanom Loza koji je za 4 osobe i na istom katu pa su skupa za 7 osoba.<\/p>\n<div style=\"background: -webkit-gradient(linear,left bottom,left top,color-stop(0,#8eba00),color-stop(100%,#9ede00)); padding: 0 20px; margin-top: 10px; line-height: 44px; height: 44px;  cursor: pointer; font-size: 130%; color: #fff; width: 90%; text-align: center; margin-bottom:20px\"><a style=\"color: #fff;\" href=\"http:\/\/www.accommodation-in-croatia.com\/object\/en\/croatia\/secluded-holiday-home-erina\/6317\/1\/?unit_id_sd=16492\">Book this apartment &raquo;<\/a><\/div>\n<p>DOBRODO\u0160LI<\/p>\n","protected":false},"excerpt":{"rendered":"<p>Apartman Maslina 20 METARA OD MORA, se nalazi u prizemlju za 3 osobe i ima : 1 sobu s bra\u010dnim i jednokrevetnim krevetom, wc, kuhinju , TV, SAT iI veliku terasu s stablima maslina i mogu\u0107nosti kori\u0161tenja grila. Ovaj apartman &hellip; <a class=\"more-link\" href=\"https:\/\/toni-bak.hr\/?page_id=84\">Continue reading <span class=\"meta-nav\">&rarr;<\/span><\/a><\/p>\n","protected":false},"author":1,"featured_media":0,"parent":70,"menu_order":2,"comment_status":"closed","ping_status":"closed","template":"","meta":[],"_links":{"self":[{"href":"https:\/\/toni-bak.hr\/index.php?rest_route=\/wp\/v2\/pages\/84"}],"collection":[{"href":"https:\/\/toni-bak.hr\/index.php?rest_route=\/wp\/v2\/pages"}],"about":[{"href":"https:\/\/toni-bak.hr\/index.php?rest_route=\/wp\/v2\/types\/page"}],"author":[{"embeddable":true,"href":"https:\/\/toni-bak.hr\/index.php?rest_route=\/wp\/v2\/users\/1"}],"replies":[{"embeddable":true,"href":"https:\/\/toni-bak.hr\/index.php?rest_route=%2Fwp%2Fv2%2Fcomments&post=84"}],"version-history":[{"count":6,"href":"https:\/\/toni-bak.hr\/index.php?rest_route=\/wp\/v2\/pages\/84\/revisions"}],"predecessor-version":[{"id":269,"href":"https:\/\/toni-bak.hr\/index.php?rest_route=\/wp\/v2\/pages\/84\/revisions\/269"}],"up":[{"embeddable":true,"href":"https:\/\/toni-bak.hr\/index.php?rest_route=\/wp\/v2\/pages\/70"}],"wp:attachment":[{"href":"https:\/\/toni-bak.hr\/index.php?rest_route=%2Fwp%2Fv2%2Fmedia&parent=84"}],"curies":[{"name":"wp","href":"https:\/\/api.w.org\/{rel}","templated":true}]}}